{"id":13,"date":"2022-02-16T16:39:14","date_gmt":"2022-02-16T16:39:14","guid":{"rendered":"https:\/\/www.cerotrececomunicacion.com\/?page_id=13"},"modified":"2022-03-29T17:08:33","modified_gmt":"2022-03-29T17:08:33","slug":"borrador-automatico","status":"publish","type":"page","link":"https:\/\/www.cerotrececomunicacion.com\/index.php\/borrador-automatico\/","title":{"rendered":"Borrador autom\u00e1tico"},"content":{"rendered":"<p>[et_pb_section fb_built=\u00bb1&#8243; _builder_version=\u00bb4.14.7&#8243; _module_preset=\u00bbdefault\u00bb custom_margin=\u00bb-95px||||false|false\u00bb custom_margin_tablet=\u00bb-95px||||false|false\u00bb custom_margin_phone=\u00bb-95px||||false|false\u00bb custom_margin_last_edited=\u00bbon|desktop\u00bb custom_padding=\u00bb||30px|||\u00bb top_divider_height_tablet=\u00bb\u00bb top_divider_height_phone=\u00bb\u00bb top_divider_height_last_edited=\u00bbon|desktop\u00bb global_colors_info=\u00bb{}\u00bb][et_pb_row _builder_version=\u00bb4.14.7&#8243; _module_preset=\u00bbdefault\u00bb width=\u00bb100%\u00bb max_width=\u00bb2560px\u00bb module_alignment=\u00bbcenter\u00bb global_colors_info=\u00bb{}\u00bb][et_pb_column type=\u00bb4_4&#8243; _builder_version=\u00bb4.14.7&#8243; _module_preset=\u00bbdefault\u00bb global_colors_info=\u00bb{}\u00bb][et_pb_image src=\u00bbhttps:\/\/www.cerotrececomunicacion.com\/wp-content\/uploads\/2022\/03\/fondo_home.jpeg\u00bb title_text=\u00bbfondo_home\u00bb force_fullwidth=\u00bbon\u00bb _builder_version=\u00bb4.14.7&#8243; _module_preset=\u00bbdefault\u00bb height=\u00bb657px\u00bb global_colors_info=\u00bb{}\u00bb][\/et_pb_image][\/et_pb_column][\/et_pb_row][\/et_pb_section][et_pb_section fb_built=\u00bb1&#8243; _builder_version=\u00bb4.14.7&#8243; _module_preset=\u00bbdefault\u00bb min_height=\u00bb267px\u00bb custom_margin=\u00bb-30px|||||\u00bb custom_padding=\u00bb||1px|||\u00bb global_colors_info=\u00bb{}\u00bb][et_pb_row column_structure=\u00bb3_5,2_5&#8243; _builder_version=\u00bb4.14.7&#8243; _module_preset=\u00bbdefault\u00bb width=\u00bb77%\u00bb max_width=\u00bb2560px\u00bb global_colors_info=\u00bb{}\u00bb][et_pb_column type=\u00bb3_5&#8243; _builder_version=\u00bb4.14.7&#8243; _module_preset=\u00bbdefault\u00bb global_colors_info=\u00bb{}\u00bb][et_pb_text _builder_version=\u00bb4.14.7&#8243; _module_preset=\u00bbdefault\u00bb text_font=\u00bbPublic Sans||||||||\u00bb text_font_size=\u00bb43px\u00bb width=\u00bb85%\u00bb custom_margin=\u00bb-78px|||||\u00bb custom_padding=\u00bb19px|||||\u00bb animation_style=\u00bbflip\u00bb animation_direction=\u00bbleft\u00bb border_radii=\u00bboff|10px|10px|NaNpx|\u00bb border_width_top=\u00bb2px\u00bb border_color_top=\u00bb#feaebb\u00bb global_colors_info=\u00bb{}\u00bb]<\/p>\n<h3>Las marcas prosperan cuando identifican y mantienen su esencia, su\u00a0<span style=\"color: #feaebb;\"><i>mood<\/i>. <\/span>Como agencia creativa digital, nuestro trabajo es definirla y transmitirla para generar inter\u00e9s, confianza y preferencia.<\/h3>\n<p>[\/et_pb_text][\/et_pb_column][et_pb_column type=\u00bb2_5&#8243; _builder_version=\u00bb4.14.7&#8243; _module_preset=\u00bbdefault\u00bb global_colors_info=\u00bb{}\u00bb][\/et_pb_column][\/et_pb_row][\/et_pb_section][et_pb_section fb_built=\u00bb1&#8243; _builder_version=\u00bb4.14.7&#8243; _module_preset=\u00bbdefault\u00bb background_color=\u00bb#000000&#8243; global_colors_info=\u00bb{}\u00bb][et_pb_row column_structure=\u00bb1_3,1_3,1_3&#8243; _builder_version=\u00bb4.14.7&#8243; _module_preset=\u00bbdefault\u00bb width=\u00bb100%\u00bb max_width=\u00bb1208px\u00bb global_colors_info=\u00bb{}\u00bb][et_pb_column type=\u00bb1_3&#8243; _builder_version=\u00bb4.14.7&#8243; _module_preset=\u00bbdefault\u00bb global_colors_info=\u00bb{}\u00bb][et_pb_image src=\u00bbhttps:\/\/www.cerotrececomunicacion.com\/wp-content\/uploads\/2022\/03\/01-500-\u00d7-100-px.png\u00bb title_text=\u00bb01 (500 \u00d7 100 px)\u00bb _builder_version=\u00bb4.14.7&#8243; _module_preset=\u00bbdefault\u00bb custom_margin=\u00bb||1px|||\u00bb custom_padding=\u00bb|||0px||\u00bb global_colors_info=\u00bb{}\u00bb][\/et_pb_image][et_pb_image src=\u00bbhttps:\/\/www.cerotrececomunicacion.com\/wp-content\/uploads\/2022\/03\/01-500-\u00d7-100-px-4.png\u00bb title_text=\u00bb01 (500 \u00d7 100 px)-4&#8243; _builder_version=\u00bb4.14.7&#8243; _module_preset=\u00bbdefault\u00bb width=\u00bb53%\u00bb custom_padding=\u00bb|||17px||\u00bb global_colors_info=\u00bb{}\u00bb][\/et_pb_image][et_pb_text _builder_version=\u00bb4.14.7&#8243; _module_preset=\u00bbdefault\u00bb global_colors_info=\u00bb{}\u00bb]<\/p>\n<p><span style=\"color: #ffffff;\">ESTRATEGIA EMPRESARIAL<\/span><\/p>\n<p><span style=\"color: #ffffff;\">DISE\u00d1O CORPORATIVO <\/span><\/p>\n<p><span style=\"color: #ffffff;\">IMAGEN DE PRODUCTO<\/span><\/p>\n<p><span style=\"color: #ffffff;\"><\/span><\/p>\n<p><span style=\"color: #ffffff;\"><\/span><\/p>\n<p>[\/et_pb_text][\/et_pb_column][et_pb_column type=\u00bb1_3&#8243; _builder_version=\u00bb4.14.7&#8243; _module_preset=\u00bbdefault\u00bb global_colors_info=\u00bb{}\u00bb][et_pb_image src=\u00bbhttps:\/\/www.cerotrececomunicacion.com\/wp-content\/uploads\/2022\/03\/01-500-\u00d7-100-px-2.png\u00bb title_text=\u00bb01 (500 \u00d7 100 px)-2&#8243; _builder_version=\u00bb4.14.7&#8243; _module_preset=\u00bbdefault\u00bb custom_margin=\u00bb||1px|||\u00bb custom_padding=\u00bb|||0px||\u00bb global_colors_info=\u00bb{}\u00bb][\/et_pb_image][et_pb_image src=\u00bbhttps:\/\/www.cerotrececomunicacion.com\/wp-content\/uploads\/2022\/03\/01-500-\u00d7-100-px-1.png\u00bb title_text=\u00bb01 (500 \u00d7 100 px) (1)\u00bb _builder_version=\u00bb4.14.7&#8243; _module_preset=\u00bbdefault\u00bb width=\u00bb60%\u00bb custom_padding=\u00bb|||17px||\u00bb global_colors_info=\u00bb{}\u00bb][\/et_pb_image][et_pb_text _builder_version=\u00bb4.14.7&#8243; _module_preset=\u00bbdefault\u00bb global_colors_info=\u00bb{}\u00bb]<\/p>\n<p><span style=\"color: #ffffff;\">ESTRATEGIA EMPRESARIAL<\/span><\/p>\n<p><span style=\"color: #ffffff;\">DISE\u00d1O CORPORATIVO <\/span><\/p>\n<p><span style=\"color: #ffffff;\">IMAGEN DE PRODUCTO<\/span><\/p>\n<p><span style=\"color: #ffffff;\"><\/span><\/p>\n<p><span style=\"color: #ffffff;\"><\/span><\/p>\n<p>[\/et_pb_text][\/et_pb_column][et_pb_column type=\u00bb1_3&#8243; _builder_version=\u00bb4.14.7&#8243; _module_preset=\u00bbdefault\u00bb global_colors_info=\u00bb{}\u00bb][et_pb_image src=\u00bbhttps:\/\/www.cerotrececomunicacion.com\/wp-content\/uploads\/2022\/03\/01-500-\u00d7-100-px-3.png\u00bb title_text=\u00bb01 (500 \u00d7 100 px)-3&#8243; _builder_version=\u00bb4.14.7&#8243; _module_preset=\u00bbdefault\u00bb custom_margin=\u00bb||1px|||\u00bb custom_padding=\u00bb|||0px||\u00bb global_colors_info=\u00bb{}\u00bb][\/et_pb_image][et_pb_image src=\u00bbhttps:\/\/www.cerotrececomunicacion.com\/wp-content\/uploads\/2022\/03\/01-500-\u00d7-100-px-2-1.png\u00bb title_text=\u00bb01 (500 \u00d7 100 px) (2)\u00bb _builder_version=\u00bb4.14.7&#8243; _module_preset=\u00bbdefault\u00bb width=\u00bb53%\u00bb custom_padding=\u00bb|||17px||\u00bb global_colors_info=\u00bb{}\u00bb][\/et_pb_image][et_pb_text _builder_version=\u00bb4.14.7&#8243; _module_preset=\u00bbdefault\u00bb global_colors_info=\u00bb{}\u00bb]<\/p>\n<p><span style=\"color: #ffffff;\">ESTRATEGIA EMPRESARIAL<\/span><\/p>\n<p><span style=\"color: #ffffff;\">DISE\u00d1O CORPORATIVO <\/span><\/p>\n<p><span style=\"color: #ffffff;\">IMAGEN DE PRODUCTO<\/span><\/p>\n<p><span style=\"color: #ffffff;\"><\/span><\/p>\n<p><span style=\"color: #ffffff;\"><\/span><\/p>\n<p>[\/et_pb_text][\/et_pb_column][\/et_pb_row][\/et_pb_section]<\/p>\n","protected":false},"excerpt":{"rendered":"<p>Las marcas prosperan cuando identifican y mantienen su esencia, su\u00a0mood. Como agencia creativa digital, nuestro trabajo es definirla y transmitirla para generar inter\u00e9s, confianza y preferencia. ESTRATEGIA EMPRESARIAL DISE\u00d1O CORPORATIVO IMAGEN DE PRODUCTO ESTRATEGIA EMPRESARIAL DISE\u00d1O CORPORATIVO IMAGEN DE PRODUCTO ESTRATEGIA EMPRESARIAL DISE\u00d1O CORPORATIVO IMAGEN DE PRODUCTO<\/p>\n","protected":false},"author":1,"featured_media":0,"parent":0,"menu_order":0,"comment_status":"closed","ping_status":"closed","template":"","meta":{"_et_pb_use_builder":"on","_et_pb_old_content":"","_et_gb_content_width":"","footnotes":""},"class_list":["post-13","page","type-page","status-publish","hentry"],"_links":{"self":[{"href":"https:\/\/www.cerotrececomunicacion.com\/index.php\/wp-json\/wp\/v2\/pages\/13","targetHints":{"allow":["GET"]}}],"collection":[{"href":"https:\/\/www.cerotrececomunicacion.com\/index.php\/wp-json\/wp\/v2\/pages"}],"about":[{"href":"https:\/\/www.cerotrececomunicacion.com\/index.php\/wp-json\/wp\/v2\/types\/page"}],"author":[{"embeddable":true,"href":"https:\/\/www.cerotrececomunicacion.com\/index.php\/wp-json\/wp\/v2\/users\/1"}],"replies":[{"embeddable":true,"href":"https:\/\/www.cerotrececomunicacion.com\/index.php\/wp-json\/wp\/v2\/comments?post=13"}],"version-history":[{"count":40,"href":"https:\/\/www.cerotrececomunicacion.com\/index.php\/wp-json\/wp\/v2\/pages\/13\/revisions"}],"predecessor-version":[{"id":172,"href":"https:\/\/www.cerotrececomunicacion.com\/index.php\/wp-json\/wp\/v2\/pages\/13\/revisions\/172"}],"wp:attachment":[{"href":"https:\/\/www.cerotrececomunicacion.com\/index.php\/wp-json\/wp\/v2\/media?parent=13"}],"curies":[{"name":"wp","href":"https:\/\/api.w.org\/{rel}","templated":true}]}}